{"id":113,"date":"2023-11-07T17:50:26","date_gmt":"2023-11-07T17:50:26","guid":{"rendered":"https:\/\/wp.dev.xoap.io\/?page_id=113"},"modified":"2025-03-13T13:51:36","modified_gmt":"2025-03-13T12:51:36","slug":"legal-notice","status":"publish","type":"page","link":"https:\/\/dev.xoap.io\/de\/legal-notice\/","title":{"rendered":"Impressum"},"content":{"rendered":"<div data-elementor-type=\"wp-page\" data-elementor-id=\"113\" class=\"elementor elementor-113\" data-elementor-post-type=\"page\">\n\t\t\t\t<div class=\"elementor-element elementor-element-e7cd5d3 e-flex e-con-boxed e-con e-parent\" data-id=\"e7cd5d3\" data-element_type=\"container\" data-e-type=\"container\" data-settings=\"{&quot;background_background&quot;:&quot;classic&quot;,&quot;jet_parallax_layout_list&quot;:[]}\">\n\t\t\t\t\t<div class=\"e-con-inner\">\n\t\t<div class=\"elementor-element elementor-element-4e43ec4 e-con-full e-flex e-con e-child\" data-id=\"4e43ec4\" data-element_type=\"container\" data-e-type=\"container\" data-settings=\"{&quot;jet_parallax_layout_list&quot;:[]}\">\n\t\t\t\t<div class=\"elementor-element elementor-element-03becd0 elementor-widget elementor-widget-heading\" data-id=\"03becd0\" data-element_type=\"widget\" data-e-type=\"widget\" data-widget_type=\"heading.default\">\n\t\t\t\t<div class=\"elementor-widget-container\">\n\t\t\t\t\t<h1 class=\"elementor-heading-title elementor-size-default\">Rechtliche Hinweise (Impressum)<\/h1>\t\t\t\t<\/div>\n\t\t\t\t<\/div>\n\t\t\t\t<div class=\"elementor-element elementor-element-5591e78 elementor-widget elementor-widget-text-editor\" data-id=\"5591e78\" data-element_type=\"widget\" data-e-type=\"widget\" data-widget_type=\"text-editor.default\">\n\t\t\t\t<div class=\"elementor-widget-container\">\n\t\t\t\t\t\t\t\t\t<p>Aktualisiert am 06.06.2024<\/p>\t\t\t\t\t\t\t\t<\/div>\n\t\t\t\t<\/div>\n\t\t\t\t<div class=\"elementor-element elementor-element-f6e377f elementor-widget-divider--view-line elementor-widget elementor-widget-divider\" data-id=\"f6e377f\" data-element_type=\"widget\" data-e-type=\"widget\" data-widget_type=\"divider.default\">\n\t\t\t\t<div class=\"elementor-widget-container\">\n\t\t\t\t\t\t\t<div class=\"elementor-divider\">\n\t\t\t<span class=\"elementor-divider-separator\">\n\t\t\t\t\t\t<\/span>\n\t\t<\/div>\n\t\t\t\t\t\t<\/div>\n\t\t\t\t<\/div>\n\t\t\t\t<div class=\"elementor-element elementor-element-adcf9f8 elementor-widget elementor-widget-text-editor\" data-id=\"adcf9f8\" data-element_type=\"widget\" data-e-type=\"widget\" data-widget_type=\"text-editor.default\">\n\t\t\t\t<div class=\"elementor-widget-container\">\n\t\t\t\t\t\t\t\t\t<p><strong>\u00a7 1. als Anbieter und Verantwortlicher f\u00fcr die Inhalte der Website<\/strong><\/p><p>RIS AG<br \/>Werderstra\u00dfe 21<br \/>50672 K\u00f6ln, Deutschland<\/p><p>Telefon: +49 221 643083-0<br \/>E-Mail: info@ris.ag<\/p><p>1. Rechtsform und Sitz des Unternehmens<br \/><span style=\"font-style: inherit; text-align: var(--text-align);\">Aktiengesellschaft (AG) mit Sitz in K\u00f6ln<\/span><\/p><p>2. Handelsregister<br \/><span style=\"font-style: inherit; text-align: var(--text-align);\">Registergericht: Landgericht K\u00f6ln<br \/><\/span>Registernummer: HRB 104916<\/p><p>3. Steueridentifikationsnummer gem\u00e4\u00df \u00a7 27a UStG<br \/>DE815208984<\/p><p>4. Bevollm\u00e4chtigter im Sinne des \u00a7 5 DDG (Digitale-Dienste-Gesetz)<br \/>Christian Reineke<\/p><p>5. Bevollm\u00e4chtigter Vorstand<br \/>Christian Reineke (Gesch\u00e4ftsf\u00fchrer)<br \/>Sinisa Sokolic (CTO)<br \/>Mario Istuk (CSMO)<br \/><span style=\"background-color: transparent; color: var( --e-global-color-f731406 ); text-align: var(--text-align);\">Joanna Reineke (COO)<\/span><\/p><p>6. Vorsitzender des Aufsichtsrates<br \/>Ernst-August Filges<\/p><p>7. Verantwortlich im Sinne des \u00a7 55 Abs. 2 Informationspflichten und Informationsrechte (RStV)<\/p><p>Sinisa Sokolic<br \/>Zum Tilmeshof 17<br \/>50859 K\u00f6ln<\/p><p>8. Befugnis f\u00fcr Leiharbeitnehmer<br \/>Agentur f\u00fcr Arbeit D\u00fcsseldorf<\/p><p>Regionaldirektion Nordrhein-Westfalen<br \/>Josef-Gockeln-Stra\u00dfe 7<br \/>40474 D\u00fcsseldorf<\/p><p><strong>\u00a7 2. Urheberrecht<\/strong><\/p><p>Copyright RIS AG. Alle Rechte vorbehalten.<\/p><p>Text, Bilder, Grafiken, Sound, Animationen und Videos sowie deren Anordnung auf den Internetseiten der RIS AG unterliegen dem Schutz des Urheberrechts und anderer Schutzgesetze. Sie d\u00fcrfen weder f\u00fcr Handelszwecke oder zur Weitergabe kopiert, noch ver\u00e4ndert und auf anderen Web-Sites, Apps oder anderen digitalen Inhalten (im Folgenden \"Digitale Angebote\") verwendet werden. Einige Digitale Angebote der RIS AG enthalten auch Material, das dem Urheberrecht der jeweiligen Anbieter unterliegt.<\/p><p>Die Nutzung der im Rahmen des Impressums oder vergleichbarer Angaben ver\u00f6ffentlichten Kontaktdaten wie Postanschriften, Telefon- und Faxnummern sowie Emailadressen durch Dritte zur \u00dcbersendung von nicht ausdr\u00fccklich angeforderten Informationen ist nicht gestattet und wird hiermit ausdr\u00fccklich untersagt. Wir behalten uns rechtliche Schritte im Falle der unverlangten Zusendung von Werbeinformationen, insbesondere gegen die Versender von sogenannten Spam-Mails, vor.<\/p><p>Trotz sorgf\u00e4ltiger inhaltlicher Kontrolle \u00fcbernehmen wir keine Haftung f\u00fcr die Inhalte externer Links. F\u00fcr den Inhalt der verlinkten Seiten sind ausschlie\u00dflich deren Betreiber verantwortlich.<\/p><p>1. Weitere Seiten unter diesem Impressum<br \/>Der Geltungsbereich dieses rechtlichen Hinweises erstreckt sich auch auf die folgenden Websites sozialer Medien:<\/p><p>1.1 Facebook<br \/><a href=\"https:\/\/www.facebook.com\/XOAP.io\/\"><span lang=\"en-US\">https:\/\/www.facebook.com\/XOAP.io<\/span><\/a><\/p><p>1.2 Twitter<br \/><a href=\"https:\/\/twitter.com\/xoap_io\">https:\/\/twitter.com\/xoap_io<\/a><\/p><p>1.3 YouTube<br \/><a href=\"https:\/\/www.youtube.com\/@xoap_io\">https:\/\/www.youtube.com\/@xoap_io<\/a><\/p><p>1.4 LinkedIn<br \/><a href=\"https:\/\/www.linkedin.com\/company\/xoap_io\">https:\/\/www.linkedin.com\/company\/xoap_io<\/a><\/p><p><strong>\u00a7 3. Warenzeichen<\/strong><\/p><p><span style=\"font-style: inherit; text-align: var(--text-align);\">Soweit nicht anders angegeben, sind alle Markenzeichen in den digitalen Angeboten der RIS AG markenrechtlich gesch\u00fctzt, dies gilt insbesondere f\u00fcr die Modellbezeichnungen sowie die Firmenlogos und Embleme der RIS AG.<\/span><\/p><p><span style=\"font-style: inherit; text-align: var(--text-align);\">\u00a0<\/span><\/p><p><strong>\u00a7 4. Keine Garantien oder Zusicherungen<\/strong><\/p><p>Die Informationen in diesem Digitalen Angebot werden von der RIS AG \"wie besehen\" und soweit gesetzlich zul\u00e4ssig, ohne jegliche ausdr\u00fcckliche oder stillschweigende Gew\u00e4hrleistung bereitgestellt, einschlie\u00dflich, aber nicht beschr\u00e4nkt auf stillschweigende Gew\u00e4hrleistungen der Marktg\u00e4ngigkeit, der Eignung f\u00fcr einen bestimmten Zweck oder der Nichtverletzung von Rechten Dritter. Auch wenn wir davon ausgehen, dass die von uns gegebenen Informationen zutreffend sind, k\u00f6nnen sie dennoch Fehler oder Ungenauigkeiten enthalten.<\/p><p>Unsere digitalen Angebote enthalten Links zu externen Seiten, die nicht unter der Kontrolle der RIS AG stehen. Daher sind wir nicht verantwortlich f\u00fcr die Inhalte der verlinkten Seiten. Die RIS AG stellt Ihnen diese Links nur als Annehmlichkeit zur Verf\u00fcgung, und die Aufnahme eines Links bedeutet nicht, dass die RIS AG die verlinkte Seite billigt.<\/p><p><strong>\u00a7 5. Informationen zur Online-Streitbeilegung<\/strong><\/p><p><span lang=\"en-US\">Die Europ\u00e4ische Kommission hat eine Internetplattform f\u00fcr die Online-Streitbeilegung (die so genannte \"OS-Plattform\") eingerichtet. Die OS-Plattform ist eine Anlaufstelle f\u00fcr die au\u00dfergerichtliche Beilegung von Streitigkeiten im Zusammenhang mit vertraglichen Verpflichtungen aus Online-Kaufvertr\u00e4gen. Sie gelangen zur OS-Plattform, indem Sie dem Link folgen:\u00a0 <\/span><a href=\"https:\/\/ec.europa.eu\/consumers\/odr\/main\/index.cfm?event=main.home.chooseLanguage\"><span lang=\"de\">https:\/\/ec.europa.eu\/consumers\/odr\/main\/index.cfm?event=main.home.chooseLanguage<\/span><\/a><\/p><p>1. Angaben nach \u00a7 36 Verbraucherstreitbeilegungsgesetz (VSBG)<\/p><p>Die RIS AG wird nicht an einem Streitbeilegungsverfahren vor einer Verbraucherschlichtungsstelle im Sinne des Verbraucherstreitbeilegungsgesetzes (VSBG) teilnehmen und ist hierzu auch nicht verpflichtet.<\/p><p><strong>\u00a7 6. Rangfolge<\/strong><\/p><p>Die Nutzungsbedingungen f\u00fcr ein digitales Angebot haben Vorrang vor diesen rechtlichen Hinweisen.<\/p><p><strong style=\"font-style: inherit; text-align: var(--text-align);\">\u00a7 7. Datenschutz<\/strong><\/p><p><span lang=\"en-US\"><a href=\"https:\/\/dev.xoap.io\/de\/data-protection.html\/\">Datenschutz<\/a><\/span><\/p><p><strong style=\"font-style: inherit; text-align: var(--text-align);\">\u00a7 8. Bedingungen und Konditionen<\/strong><\/p><p><a href=\"https:\/\/www.risconsulting.de\/agb\/\"><span lang=\"en-US\">Bedingungen und Konditionen<\/span><\/a><\/p>\t\t\t\t\t\t\t\t<\/div>\n\t\t\t\t<\/div>\n\t\t\t\t<\/div>\n\t\t<div class=\"elementor-element elementor-element-c23bed1 e-con-full elementor-hidden-tablet elementor-hidden-mobile e-flex e-con e-child\" data-id=\"c23bed1\" data-element_type=\"container\" data-e-type=\"container\" data-settings=\"{&quot;jet_parallax_layout_list&quot;:[]}\">\n\t\t<div class=\"elementor-element elementor-element-56caa81 e-flex e-con-boxed e-con e-child\" data-id=\"56caa81\" data-element_type=\"container\" data-e-type=\"container\" data-settings=\"{&quot;background_background&quot;:&quot;classic&quot;,&quot;jet_parallax_layout_list&quot;:[]}\">\n\t\t\t\t\t<div class=\"e-con-inner\">\n\t\t\t\t<div class=\"elementor-element elementor-element-112e3e1 elementor-widget elementor-widget-image\" data-id=\"112e3e1\" data-element_type=\"widget\" data-e-type=\"widget\" data-widget_type=\"image.default\">\n\t\t\t\t<div class=\"elementor-widget-container\">\n\t\t\t\t\t\t\t\t\t\t\t\t\t\t\t<img decoding=\"async\" width=\"150\" height=\"150\" src=\"https:\/\/dev.xoap.io\/wp-content\/uploads\/2023\/11\/Logo_Full_Color_Star_No_Spacing-150x150.png\" class=\"attachment-thumbnail size-thumbnail wp-image-2198\" alt=\"RIS AG\" srcset=\"https:\/\/dev.xoap.io\/wp-content\/uploads\/2023\/11\/Logo_Full_Color_Star_No_Spacing-150x150.png 150w, https:\/\/dev.xoap.io\/wp-content\/uploads\/2023\/11\/Logo_Full_Color_Star_No_Spacing-300x300.png 300w, https:\/\/dev.xoap.io\/wp-content\/uploads\/2023\/11\/Logo_Full_Color_Star_No_Spacing.png 494w\" sizes=\"(max-width: 150px) 100vw, 150px\" \/>\t\t\t\t\t\t\t\t\t\t\t\t\t\t\t<\/div>\n\t\t\t\t<\/div>\n\t\t\t\t\t<\/div>\n\t\t\t\t<\/div>\n\t\t<div class=\"elementor-element elementor-element-65ff23b e-flex e-con-boxed e-con e-child\" data-id=\"65ff23b\" data-element_type=\"container\" data-e-type=\"container\" data-settings=\"{&quot;jet_parallax_layout_list&quot;:[]}\">\n\t\t\t\t\t<div class=\"e-con-inner\">\n\t\t\t\t\t<\/div>\n\t\t\t\t<\/div>\n\t\t\t\t<\/div>\n\t\t\t\t\t<\/div>\n\t\t\t\t<\/div>\n\t\t<div class=\"elementor-element elementor-element-f0096dd e-flex e-con-boxed e-con e-parent\" data-id=\"f0096dd\" data-element_type=\"container\" data-e-type=\"container\" data-settings=\"{&quot;background_background&quot;:&quot;classic&quot;,&quot;jet_parallax_layout_list&quot;:[]}\">\n\t\t\t\t\t<div class=\"e-con-inner\">\n\t\t<div class=\"elementor-element elementor-element-cc72306 e-con-full e-flex e-con e-child\" data-id=\"cc72306\" data-element_type=\"container\" data-e-type=\"container\" data-settings=\"{&quot;jet_parallax_layout_list&quot;:[]}\">\n\t\t\t\t<div class=\"elementor-element elementor-element-0743f07 elementor-invisible elementor-widget elementor-widget-heading\" data-id=\"0743f07\" data-element_type=\"widget\" data-e-type=\"widget\" data-settings=\"{&quot;_animation&quot;:&quot;fadeInDown&quot;,&quot;_animation_tablet&quot;:&quot;fadeInDown&quot;}\" data-widget_type=\"heading.default\">\n\t\t\t\t<div class=\"elementor-widget-container\">\n\t\t\t\t\t<h2 class=\"elementor-heading-title elementor-size-default\">Wir sind immer f\u00fcr Sie da<\/h2>\t\t\t\t<\/div>\n\t\t\t\t<\/div>\n\t\t\t\t<\/div>\n\t\t<div class=\"elementor-element elementor-element-983a52a e-con-full e-flex e-con e-child\" data-id=\"983a52a\" data-element_type=\"container\" data-e-type=\"container\" data-settings=\"{&quot;jet_parallax_layout_list&quot;:[]}\">\n\t\t\t\t<div class=\"elementor-element elementor-element-34acb15 elementor-invisible elementor-widget elementor-widget-button\" data-id=\"34acb15\" data-element_type=\"widget\" data-e-type=\"widget\" data-settings=\"{&quot;_animation&quot;:&quot;fadeInRight&quot;,&quot;_animation_tablet&quot;:&quot;fadeInRight&quot;,&quot;_animation_delay&quot;:600}\" data-widget_type=\"button.default\">\n\t\t\t\t<div class=\"elementor-widget-container\">\n\t\t\t\t\t\t\t\t\t<div class=\"elementor-button-wrapper\">\n\t\t\t\t\t<a class=\"elementor-button elementor-button-link elementor-size-md\" href=\"\/de\/contact\/\">\n\t\t\t\t\t\t<span class=\"elementor-button-content-wrapper\">\n\t\t\t\t\t\t<span class=\"elementor-button-icon\">\n\t\t\t\t<svg aria-hidden=\"true\" class=\"e-font-icon-svg e-fas-arrow-right\" viewbox=\"0 0 448 512\" xmlns=\"http:\/\/www.w3.org\/2000\/svg\"><path d=\"M190.5 66.9l22.2-22.2c9.4-9.4 24.6-9.4 33.9 0L441 239c9.4 9.4 9.4 24.6 0 33.9L246.6 467.3c-9.4 9.4-24.6 9.4-33.9 0l-22.2-22.2c-9.5-9.5-9.3-25 .4-34.3L311.4 296H24c-13.3 0-24-10.7-24-24v-32c0-13.3 10.7-24 24-24h287.4L190.9 101.2c-9.8-9.3-10-24.8-.4-34.3z\"><\/path><\/svg>\t\t\t<\/span>\n\t\t\t\t\t\t\t\t\t<span class=\"elementor-button-text\">Kontaktieren Sie uns<\/span>\n\t\t\t\t\t<\/span>\n\t\t\t\t\t<\/a>\n\t\t\t\t<\/div>\n\t\t\t\t\t\t\t\t<\/div>\n\t\t\t\t<\/div>\n\t\t\t\t<\/div>\n\t\t\t\t\t<\/div>\n\t\t\t\t<\/div>\n\t\t\t\t<\/div>","protected":false},"excerpt":{"rendered":"<p>Legal Notice (Impressum) Updated 06\/06\/2024 \u00a7 1. Provider and responsible for the content of the website RIS AGWerderstra\u00dfe 2150672 Cologne, Germany Phone: +49 221 643083-0Email: info@ris.ag 1. Legal form and company headquarterStock company (AG) located in Cologne 2. Commercial registerRegister court: District court CologneRegister number: HRB 104916 3. Tax identification number according \u00a7 27a UStGDE815208984 [&hellip;]<\/p>\n","protected":false},"author":4,"featured_media":0,"parent":0,"menu_order":0,"comment_status":"closed","ping_status":"closed","template":"","meta":{"site-sidebar-layout":"no-sidebar","site-content-layout":"","ast-site-content-layout":"full-width-container","site-content-style":"default","site-sidebar-style":"default","ast-global-header-display":"","ast-banner-title-visibility":"","ast-main-header-display":"","ast-hfb-above-header-display":"","ast-hfb-below-header-display":"","ast-hfb-mobile-header-display":"","site-post-title":"disabled","ast-breadcrumbs-content":"","ast-featured-img":"disabled","footer-sml-layout":"","ast-disable-related-posts":"","theme-transparent-header-meta":"default","adv-header-id-meta":"","stick-header-meta":"","header-above-stick-meta":"","header-main-stick-meta":"","header-below-stick-meta":"","astra-migrate-meta-layouts":"set","ast-page-background-enabled":"default","ast-page-background-meta":{"desktop":{"background-color":"var(--ast-global-color-4)","background-image":"","background-repeat":"repeat","background-position":"center center","background-size":"auto","background-attachment":"scroll","background-type":"","background-media":"","overlay-type":"","overlay-color":"","overlay-opacity":"","overlay-gradient":""},"tablet":{"background-color":"","background-image":"","background-repeat":"repeat","background-position":"center center","background-size":"auto","background-attachment":"scroll","background-type":"","background-media":"","overlay-type":"","overlay-color":"","overlay-opacity":"","overlay-gradient":""},"mobile":{"background-color":"","background-image":"","background-repeat":"repeat","background-position":"center center","background-size":"auto","background-attachment":"scroll","background-type":"","background-media":"","overlay-type":"","overlay-color":"","overlay-opacity":"","overlay-gradient":""}},"ast-content-background-meta":{"desktop":{"background-color":"var(--ast-global-color-5)","background-image":"","background-repeat":"repeat","background-position":"center center","background-size":"auto","background-attachment":"scroll","background-type":"","background-media":"","overlay-type":"","overlay-color":"","overlay-opacity":"","overlay-gradient":""},"tablet":{"background-color":"var(--ast-global-color-5)","background-image":"","background-repeat":"repeat","background-position":"center center","background-size":"auto","background-attachment":"scroll","background-type":"","background-media":"","overlay-type":"","overlay-color":"","overlay-opacity":"","overlay-gradient":""},"mobile":{"background-color":"var(--ast-global-color-5)","background-image":"","background-repeat":"repeat","background-position":"center center","background-size":"auto","background-attachment":"scroll","background-type":"","background-media":"","overlay-type":"","overlay-color":"","overlay-opacity":"","overlay-gradient":""}},"footnotes":""},"class_list":["post-113","page","type-page","status-publish","hentry"],"yoast_head":"<!-- This site is optimized with the Yoast SEO plugin v27.0 - https:\/\/yoast.com\/product\/yoast-seo-wordpress\/ -->\n<title>Legal notice | XOAP<\/title>\n<meta name=\"description\" content=\"Find XOAP&#039;s information about legal notice here. Everything you need to know before continuing your navigation.\" \/>\n<meta name=\"robots\" content=\"index, follow, max-snippet:-1, max-image-preview:large, max-video-preview:-1\" \/>\n<link rel=\"canonical\" href=\"https:\/\/dev.xoap.io\/de\/legal-notice\/\" \/>\n<meta property=\"og:locale\" content=\"de_DE\" \/>\n<meta property=\"og:type\" content=\"article\" \/>\n<meta property=\"og:title\" content=\"Legal notice | XOAP\" \/>\n<meta property=\"og:description\" content=\"Find XOAP&#039;s information about legal notice here. Everything you need to know before continuing your navigation.\" \/>\n<meta property=\"og:url\" content=\"https:\/\/dev.xoap.io\/de\/legal-notice\/\" \/>\n<meta property=\"og:site_name\" content=\"XOAP\" \/>\n<meta property=\"article:publisher\" content=\"https:\/\/www.facebook.com\/XOAP.io\" \/>\n<meta property=\"article:modified_time\" content=\"2025-03-13T12:51:36+00:00\" \/>\n<meta property=\"og:image\" content=\"https:\/\/dev.xoap.io\/wp-content\/uploads\/2024\/02\/legal-notice.png\" \/>\n\t<meta property=\"og:image:width\" content=\"1024\" \/>\n\t<meta property=\"og:image:height\" content=\"600\" \/>\n\t<meta property=\"og:image:type\" content=\"image\/png\" \/>\n<meta name=\"twitter:card\" content=\"summary_large_image\" \/>\n<meta name=\"twitter:site\" content=\"@xoap_io\" \/>\n<script type=\"application\/ld+json\" class=\"yoast-schema-graph\">{\"@context\":\"https:\/\/schema.org\",\"@graph\":[{\"@type\":\"WebPage\",\"@id\":\"https:\/\/dev.xoap.io\/legal-notice\/\",\"url\":\"https:\/\/dev.xoap.io\/legal-notice\/\",\"name\":\"Legal notice | XOAP\",\"isPartOf\":{\"@id\":\"https:\/\/dev.xoap.io\/#website\"},\"primaryImageOfPage\":{\"@id\":\"https:\/\/dev.xoap.io\/legal-notice\/#primaryimage\"},\"image\":{\"@id\":\"https:\/\/dev.xoap.io\/legal-notice\/#primaryimage\"},\"thumbnailUrl\":\"https:\/\/dev.xoap.io\/wp-content\/uploads\/2023\/11\/Logo_Full_Color_Star_No_Spacing-150x150.png\",\"datePublished\":\"2023-11-07T17:50:26+00:00\",\"dateModified\":\"2025-03-13T12:51:36+00:00\",\"description\":\"Find XOAP's information about legal notice here. Everything you need to know before continuing your navigation.\",\"breadcrumb\":{\"@id\":\"https:\/\/dev.xoap.io\/legal-notice\/#breadcrumb\"},\"inLanguage\":\"de\",\"potentialAction\":[{\"@type\":\"ReadAction\",\"target\":[\"https:\/\/dev.xoap.io\/legal-notice\/\"]}]},{\"@type\":\"ImageObject\",\"inLanguage\":\"de\",\"@id\":\"https:\/\/dev.xoap.io\/legal-notice\/#primaryimage\",\"url\":\"https:\/\/dev.xoap.io\/wp-content\/uploads\/2023\/11\/Logo_Full_Color_Star_No_Spacing-150x150.png\",\"contentUrl\":\"https:\/\/dev.xoap.io\/wp-content\/uploads\/2023\/11\/Logo_Full_Color_Star_No_Spacing-150x150.png\"},{\"@type\":\"BreadcrumbList\",\"@id\":\"https:\/\/dev.xoap.io\/legal-notice\/#breadcrumb\",\"itemListElement\":[{\"@type\":\"ListItem\",\"position\":1,\"name\":\"Home\",\"item\":\"https:\/\/dev.xoap.io\/\"},{\"@type\":\"ListItem\",\"position\":2,\"name\":\"Legal Notice\"}]},{\"@type\":\"WebSite\",\"@id\":\"https:\/\/dev.xoap.io\/#website\",\"url\":\"https:\/\/dev.xoap.io\/\",\"name\":\"XOAP\",\"description\":\"Platform for IT infrastructure and workplace automation\",\"publisher\":{\"@id\":\"https:\/\/dev.xoap.io\/#organization\"},\"potentialAction\":[{\"@type\":\"SearchAction\",\"target\":{\"@type\":\"EntryPoint\",\"urlTemplate\":\"https:\/\/dev.xoap.io\/?s={search_term_string}\"},\"query-input\":{\"@type\":\"PropertyValueSpecification\",\"valueRequired\":true,\"valueName\":\"search_term_string\"}}],\"inLanguage\":\"de\"},{\"@type\":\"Organization\",\"@id\":\"https:\/\/dev.xoap.io\/#organization\",\"name\":\"XOAP\",\"url\":\"https:\/\/dev.xoap.io\/\",\"logo\":{\"@type\":\"ImageObject\",\"inLanguage\":\"de\",\"@id\":\"https:\/\/dev.xoap.io\/#\/schema\/logo\/image\/\",\"url\":\"https:\/\/dev.xoap.io\/wp-content\/uploads\/2023\/11\/XOAP-no-lettering-transparent_no-boarder.svg\",\"contentUrl\":\"https:\/\/dev.xoap.io\/wp-content\/uploads\/2023\/11\/XOAP-no-lettering-transparent_no-boarder.svg\",\"width\":250,\"height\":90,\"caption\":\"XOAP\"},\"image\":{\"@id\":\"https:\/\/dev.xoap.io\/#\/schema\/logo\/image\/\"},\"sameAs\":[\"https:\/\/www.facebook.com\/XOAP.io\",\"https:\/\/x.com\/xoap_io\",\"https:\/\/www.linkedin.com\/company\/xoap_io\",\"https:\/\/www.youtube.com\/@xoap_io\",\"https:\/\/github.com\/xoap-io\",\"https:\/\/www.instagram.com\/xoap_io\"]}]}<\/script>\n<!-- \/ Yoast SEO plugin. -->","yoast_head_json":{"title":"Legal notice | XOAP","description":"Find XOAP's information about legal notice here. Everything you need to know before continuing your navigation.","robots":{"index":"index","follow":"follow","max-snippet":"max-snippet:-1","max-image-preview":"max-image-preview:large","max-video-preview":"max-video-preview:-1"},"canonical":"https:\/\/dev.xoap.io\/de\/legal-notice\/","og_locale":"de_DE","og_type":"article","og_title":"Legal notice | XOAP","og_description":"Find XOAP's information about legal notice here. Everything you need to know before continuing your navigation.","og_url":"https:\/\/dev.xoap.io\/de\/legal-notice\/","og_site_name":"XOAP","article_publisher":"https:\/\/www.facebook.com\/XOAP.io","article_modified_time":"2025-03-13T12:51:36+00:00","og_image":[{"width":1024,"height":600,"url":"https:\/\/dev.xoap.io\/wp-content\/uploads\/2024\/02\/legal-notice.png","type":"image\/png"}],"twitter_card":"summary_large_image","twitter_site":"@xoap_io","schema":{"@context":"https:\/\/schema.org","@graph":[{"@type":"WebPage","@id":"https:\/\/dev.xoap.io\/legal-notice\/","url":"https:\/\/dev.xoap.io\/legal-notice\/","name":"Legal notice | XOAP","isPartOf":{"@id":"https:\/\/dev.xoap.io\/#website"},"primaryImageOfPage":{"@id":"https:\/\/dev.xoap.io\/legal-notice\/#primaryimage"},"image":{"@id":"https:\/\/dev.xoap.io\/legal-notice\/#primaryimage"},"thumbnailUrl":"https:\/\/dev.xoap.io\/wp-content\/uploads\/2023\/11\/Logo_Full_Color_Star_No_Spacing-150x150.png","datePublished":"2023-11-07T17:50:26+00:00","dateModified":"2025-03-13T12:51:36+00:00","description":"Find XOAP's information about legal notice here. Everything you need to know before continuing your navigation.","breadcrumb":{"@id":"https:\/\/dev.xoap.io\/legal-notice\/#breadcrumb"},"inLanguage":"de","potentialAction":[{"@type":"ReadAction","target":["https:\/\/dev.xoap.io\/legal-notice\/"]}]},{"@type":"ImageObject","inLanguage":"de","@id":"https:\/\/dev.xoap.io\/legal-notice\/#primaryimage","url":"https:\/\/dev.xoap.io\/wp-content\/uploads\/2023\/11\/Logo_Full_Color_Star_No_Spacing-150x150.png","contentUrl":"https:\/\/dev.xoap.io\/wp-content\/uploads\/2023\/11\/Logo_Full_Color_Star_No_Spacing-150x150.png"},{"@type":"BreadcrumbList","@id":"https:\/\/dev.xoap.io\/legal-notice\/#breadcrumb","itemListElement":[{"@type":"ListItem","position":1,"name":"Home","item":"https:\/\/dev.xoap.io\/"},{"@type":"ListItem","position":2,"name":"Legal Notice"}]},{"@type":"WebSite","@id":"https:\/\/dev.xoap.io\/#website","url":"https:\/\/dev.xoap.io\/","name":"XOAP","description":"Plattform f\u00fcr IT-Infrastruktur und Arbeitsplatzautomatisierung","publisher":{"@id":"https:\/\/dev.xoap.io\/#organization"},"potentialAction":[{"@type":"SearchAction","target":{"@type":"EntryPoint","urlTemplate":"https:\/\/dev.xoap.io\/?s={search_term_string}"},"query-input":{"@type":"PropertyValueSpecification","valueRequired":true,"valueName":"search_term_string"}}],"inLanguage":"de"},{"@type":"Organization","@id":"https:\/\/dev.xoap.io\/#organization","name":"XOAP","url":"https:\/\/dev.xoap.io\/","logo":{"@type":"ImageObject","inLanguage":"de","@id":"https:\/\/dev.xoap.io\/#\/schema\/logo\/image\/","url":"https:\/\/dev.xoap.io\/wp-content\/uploads\/2023\/11\/XOAP-no-lettering-transparent_no-boarder.svg","contentUrl":"https:\/\/dev.xoap.io\/wp-content\/uploads\/2023\/11\/XOAP-no-lettering-transparent_no-boarder.svg","width":250,"height":90,"caption":"XOAP"},"image":{"@id":"https:\/\/dev.xoap.io\/#\/schema\/logo\/image\/"},"sameAs":["https:\/\/www.facebook.com\/XOAP.io","https:\/\/x.com\/xoap_io","https:\/\/www.linkedin.com\/company\/xoap_io","https:\/\/www.youtube.com\/@xoap_io","https:\/\/github.com\/xoap-io","https:\/\/www.instagram.com\/xoap_io"]}]}},"_links":{"self":[{"href":"https:\/\/dev.xoap.io\/de\/wp-json\/wp\/v2\/pages\/113","targetHints":{"allow":["GET"]}}],"collection":[{"href":"https:\/\/dev.xoap.io\/de\/wp-json\/wp\/v2\/pages"}],"about":[{"href":"https:\/\/dev.xoap.io\/de\/wp-json\/wp\/v2\/types\/page"}],"author":[{"embeddable":true,"href":"https:\/\/dev.xoap.io\/de\/wp-json\/wp\/v2\/users\/4"}],"replies":[{"embeddable":true,"href":"https:\/\/dev.xoap.io\/de\/wp-json\/wp\/v2\/comments?post=113"}],"version-history":[{"count":67,"href":"https:\/\/dev.xoap.io\/de\/wp-json\/wp\/v2\/pages\/113\/revisions"}],"predecessor-version":[{"id":20684,"href":"https:\/\/dev.xoap.io\/de\/wp-json\/wp\/v2\/pages\/113\/revisions\/20684"}],"wp:attachment":[{"href":"https:\/\/dev.xoap.io\/de\/wp-json\/wp\/v2\/media?parent=113"}],"curies":[{"name":"wp","href":"https:\/\/api.w.org\/{rel}","templated":true}]}}